{"id":68,"date":"2023-07-25T16:14:02","date_gmt":"2023-07-25T16:14:02","guid":{"rendered":"https:\/\/szegedhoszerviz.hu\/?page_id=68"},"modified":"2024-11-16T17:13:31","modified_gmt":"2024-11-16T17:13:31","slug":"araink","status":"publish","type":"page","link":"https:\/\/szegedhoszerviz.hu\/?page_id=68","title":{"rendered":"\u00c1rak"},"content":{"rendered":"\t\t<div data-elementor-type=\"wp-page\" data-elementor-id=\"68\" class=\"elementor elementor-68\">\n\t\t\t\t<div class=\"elementor-element elementor-element-9a42966 e-flex e-con-boxed e-con e-parent\" data-id=\"9a42966\" data-element_type=\"container\" data-e-type=\"container\">\n\t\t\t\t\t<div class=\"e-con-inner\">\n\t\t\t\t<div class=\"elementor-element elementor-element-27d8eee elementor-widget elementor-widget-text-editor\" data-id=\"27d8eee\" data-element_type=\"widget\" data-e-type=\"widget\" data-widget_type=\"text-editor.default\">\n\t\t\t\t<div class=\"elementor-widget-container\">\n\t\t\t\t\t\t\t\t\t<p><strong>Munkad\u00edjakat m\u00f3dos\u00edt\u00f3 t\u00e9nyez\u0151k<\/strong><\/p>\n<table style=\"width: 100%;\">\n<tbody>\n<tr>\n<td style=\"width: 50.0000%;\">Kisz\u00e1ll\u00e1si d\u00edj Szeged K\u00f6rt\u00f6lt\u00e9sen bel\u00fcl<\/td>\n<td style=\"width: 50.0000%;\">0 ft\u00a0<\/td>\n<\/tr>\n<tr>\n<td style=\"width: 50.0000%;\">Kisz\u00e1ll\u00e1si d\u00edj Szeged K\u00f6rt\u00f6lt\u00e9sen k\u00edv\u00fcl<\/td>\n<td style=\"width: 50.0000%;\">\u00a03000 ft<\/td>\n<\/tr>\n<tr>\n<td style=\"width: 50.0000%;\">Kisz\u00e1ll\u00e1si d\u00edj Szegeden k\u00edv\u00fcl \u00e9s \u00dajszeged<\/td>\n<td style=\"width: 50.0000%;\">\u00a04000 ft-t\u00f3l<\/td>\n<\/tr>\n<tr>\n<td style=\"width: 50.0000%;\">K\u00fcls\u0151 t\u00e1gul\u00e1si tart\u00e1lyok ellen\u0151rz\u00e9se<\/td>\n<td style=\"width: 50.0000%;\">\u00a01000 ft-t\u00f3l\/db<\/td>\n<\/tr>\n<tr>\n<td style=\"width: 50.0000%;\">Nehezen megk\u00f6zel\u00edthet\u0151 c\u00edm, f\u00f6ld\u00fat<\/td>\n<td style=\"width: 50.0000%;\">\u00a01000ft-t\u00f3l<\/td>\n<\/tr>\n<tr>\n<td style=\"width: 50.0000%;\">Emelet, magasf\u00f6ldszint \u00e9s bels\u0151 szintek is<\/td>\n<td style=\"width: 50.0000%;\">500 ft\/emelet<\/td>\n<\/tr>\n<\/tbody>\n<\/table>\t\t\t\t\t\t\t\t<\/div>\n\t\t\t\t<\/div>\n\t\t\t\t<div class=\"elementor-element elementor-element-72fb558 elementor-widget elementor-widget-text-editor\" data-id=\"72fb558\" data-element_type=\"widget\" data-e-type=\"widget\" data-widget_type=\"text-editor.default\">\n\t\t\t\t<div class=\"elementor-widget-container\">\n\t\t\t\t\t\t\t\t\t<p><strong>A weboldalon szerepl\u0151 \u00e1rak t\u00e1j\u00e9koztat\u00f3 jelleg\u0171ek \u00e9s nem min\u0151s\u00fclnek aj\u00e1nlatt\u00e9telnek!<br \/>\u00c1raink az anyagk\u00f6lts\u00e9get \u00e9s a kisz\u00e1ll\u00e1s d\u00edj\u00e1t nem tartalmazz\u00e1k, valamint brutt\u00f3 \u00e1rak, \u00e9s nincs \u00e1fa tartalmuk (v\u00e1llalkoz\u00e1sunk alanyi ad\u00f3mentes).<\/strong><\/p>\t\t\t\t\t\t\t\t<\/div>\n\t\t\t\t<\/div>\n\t\t\t\t\t<\/div>\n\t\t\t\t<\/div>\n\t\t<div class=\"elementor-element elementor-element-a11ae13 e-flex e-con-boxed e-con e-parent\" data-id=\"a11ae13\" data-element_type=\"container\" data-e-type=\"container\">\n\t\t\t\t\t<div class=\"e-con-inner\">\n\t\t\t\t<div class=\"elementor-element elementor-element-9ff4a1a elementor-widget elementor-widget-text-editor\" data-id=\"9ff4a1a\" data-element_type=\"widget\" data-e-type=\"widget\" data-widget_type=\"text-editor.default\">\n\t\t\t\t<div class=\"elementor-widget-container\">\n\t\t\t\t\t\t\t\t\t<p><strong>Karbantart\u00e1s<\/strong><\/p>\n<table style=\"width: 100%;\">\n<tbody>\n<tr>\n<td style=\"width: 50.0000%;\">G\u00e1zkaz\u00e1n&nbsp; (28 kw-ig) karbantart\u00e1s<\/td>\n<td style=\"width: 50.0000%;\">25000 ft-t\u00f3l&nbsp;<\/td>\n<\/tr>\n<tr>\n<td style=\"width: 50.0000%;\">G\u00e1zkaz\u00e1n (28 kw felett) karbantart\u00e1s<\/td>\n<td style=\"width: 50.0000%;\">&nbsp;Egyedi aj\u00e1nlat<\/td>\n<\/tr>\n<tr>\n<td style=\"width: 50.0000%;\">G\u00e1z v\u00edzmeleg\u00edt\u0151 karbantart\u00e1s<\/td>\n<td style=\"width: 50.0000%;\">&nbsp;20000 ft-t\u00f3l<\/td>\n<\/tr>\n<tr>\n<td style=\"width: 50.0000%;\">G\u00e1zkonvektor karbantart\u00e1s<\/td>\n<td style=\"width: 50.0000%;\">&nbsp;15000 ft-t\u00f3l<\/td>\n<\/tr>\n<tr>\n<td style=\"width: 50.0000%;\">Elhanyagolt vagy nehezen szerelhet\u0151\/hozz\u00e1f\u00e9rhet\u0151 k\u00e9sz\u00fcl\u00e9kek fel\u00e1r<\/td>\n<td style=\"width: 50.0000%;\">&nbsp;2000 ft-t\u00f3l<\/td>\n<\/tr>\n<tr>\n<td style=\"width: 50.0000%;\">G\u00e1zkaz\u00e1n karbantart\u00e1s h\u0151cser\u00e9l\u0151 kiszerel\u00e9ssel<\/td>\n<td style=\"width: 50.0000%;\">35000 ft-t\u00f3l<\/td>\n<\/tr>\n<\/tbody>\n<\/table>\t\t\t\t\t\t\t\t<\/div>\n\t\t\t\t<\/div>\n\t\t\t\t<div class=\"elementor-element elementor-element-d8df69c elementor-widget elementor-widget-text-editor\" data-id=\"d8df69c\" data-element_type=\"widget\" data-e-type=\"widget\" data-widget_type=\"text-editor.default\">\n\t\t\t\t<div class=\"elementor-widget-container\">\n\t\t\t\t\t\t\t\t\t<p><strong>A weboldalon szerepl\u0151 \u00e1rak t\u00e1j\u00e9koztat\u00f3 jelleg\u0171ek \u00e9s nem min\u0151s\u00fclnek aj\u00e1nlatt\u00e9telnek!<br \/>\u00c1raink az anyagk\u00f6lts\u00e9get \u00e9s a kisz\u00e1ll\u00e1s d\u00edj\u00e1t nem tartalmazz\u00e1k, valamint brutt\u00f3 \u00e1rak, \u00e9s nincs \u00e1fa tartalmuk (v\u00e1llalkoz\u00e1sunk alanyi ad\u00f3mentes).<\/strong><\/p>\t\t\t\t\t\t\t\t<\/div>\n\t\t\t\t<\/div>\n\t\t\t\t\t<\/div>\n\t\t\t\t<\/div>\n\t\t<div class=\"elementor-element elementor-element-7a13fef e-flex e-con-boxed e-con e-parent\" data-id=\"7a13fef\" data-element_type=\"container\" data-e-type=\"container\">\n\t\t\t\t\t<div class=\"e-con-inner\">\n\t\t\t\t<div class=\"elementor-element elementor-element-4d64838 elementor-widget elementor-widget-text-editor\" data-id=\"4d64838\" data-element_type=\"widget\" data-e-type=\"widget\" data-widget_type=\"text-editor.default\">\n\t\t\t\t<div class=\"elementor-widget-container\">\n\t\t\t\t\t\t\t\t\t<p><strong>\u00dczemzavar elh\u00e1r\u00edt\u00e1s, hibajav\u00edt\u00e1s<br \/><\/strong><\/p>\n<table style=\"width: 100%;\">\n<tbody>\n<tr>\n<td style=\"width: 50.0000%;\">G\u00e1zkaz\u00e1n (28 kw-ig) jav\u00edt\u00e1s<\/td>\n<td style=\"width: 50.0000%;\">25000 ft-t\u00f3l<\/td>\n<\/tr>\n<tr>\n<td style=\"width: 50.0000%;\">G\u00e1zkaz\u00e1n (28 kw felett) jav\u00edt\u00e1s<\/td>\n<td style=\"width: 50.0000%;\">Egyedi aj\u00e1nlat<\/td>\n<\/tr>\n<tr>\n<td style=\"width: 50.0000%;\">G\u00e1z v\u00edzmeleg\u00edt\u0151 jav\u00edt\u00e1s<\/td>\n<td style=\"width: 50.0000%;\">20000 ft-t\u00f3l<\/td>\n<\/tr>\n<tr>\n<td style=\"width: 50.0000%;\">G\u00e1zkonvektor jav\u00edt\u00e1s<\/td>\n<td style=\"width: 50.0000%;\">15000 ft-t\u00f3l<\/td>\n<\/tr>\n<tr>\n<td style=\"width: 50.0000%;\">G\u00e1zsziv\u00e1rg\u00e1s elh\u00e1r\u00edt\u00e1s<\/td>\n<td style=\"width: 50.0000%;\">25000 ft-t\u00f3l<\/td>\n<\/tr>\n<tr>\n<td style=\"width: 50.0000%;\">V\u00edz- \u00e9s f\u0171t\u00e9srendszer hibajav\u00edt\u00e1s<\/td>\n<td style=\"width: 50.0000%;\">25000 ft-t\u00f3l<\/td>\n<\/tr>\n<tr>\n<td style=\"width: 50.0000%;\">H\u0151cser\u00e9l\u0151 g\u00e9pi savaz\u00e1sa<\/td>\n<td style=\"width: 50.0000%;\">35000 ft-t\u00f3l<\/td>\n<\/tr>\n<tr>\n<td style=\"width: 50.0000%;\">\u00dcgyeleti d\u00edj, aznapi jav\u00edt\u00e1s fel\u00e1r<\/td>\n<td style=\"width: 50.0000%;\">10000 ft-t\u00f3l<\/td>\n<\/tr>\n<\/tbody>\n<\/table>\t\t\t\t\t\t\t\t<\/div>\n\t\t\t\t<\/div>\n\t\t\t\t<div class=\"elementor-element elementor-element-179de14 elementor-widget elementor-widget-text-editor\" data-id=\"179de14\" data-element_type=\"widget\" data-e-type=\"widget\" data-widget_type=\"text-editor.default\">\n\t\t\t\t<div class=\"elementor-widget-container\">\n\t\t\t\t\t\t\t\t\t<p><strong>\u00c1raink az anyagk\u00f6lts\u00e9get \u00e9s a kisz\u00e1ll\u00e1s d\u00edj\u00e1t nem tartalmazz\u00e1k, valamint brutt\u00f3 \u00e1rak, \u00e9s nincs \u00e1fa tartalmuk (v\u00e1llalkoz\u00e1sunk alanyi ad\u00f3mentes).<\/strong><\/p>\t\t\t\t\t\t\t\t<\/div>\n\t\t\t\t<\/div>\n\t\t\t\t\t<\/div>\n\t\t\t\t<\/div>\n\t\t<div class=\"elementor-element elementor-element-7d1b89f e-flex e-con-boxed e-con e-parent\" data-id=\"7d1b89f\" data-element_type=\"container\" data-e-type=\"container\">\n\t\t\t\t\t<div class=\"e-con-inner\">\n\t\t\t\t<div class=\"elementor-element elementor-element-20cdf99 elementor-widget elementor-widget-text-editor\" data-id=\"20cdf99\" data-element_type=\"widget\" data-e-type=\"widget\" data-widget_type=\"text-editor.default\">\n\t\t\t\t<div class=\"elementor-widget-container\">\n\t\t\t\t\t\t\t\t\t<p><b>\u00dczembehelyez\u00e9s<\/b><\/p>\n<table style=\"font-family: var( --e-global-typography-text-font-family ), Sans-serif; font-weight: var( --e-global-typography-text-font-weight ); text-align: center; letter-spacing: -0.015em;\">\n<tbody>\n<tr>\n<td style=\"width: 50.0000%;\">G\u00e1zkaz\u00e1n be\u00fczemel\u00e9s<\/td>\n<td style=\"width: 50.0000%;\">30000 ft-t\u00f3l<\/td>\n<\/tr>\n<tr>\n<td style=\"width: 50.0000%;\">G\u00e1zt\u0171zhely be\u00fczemel\u00e9s<\/td>\n<td style=\"width: 50.0000%;\">25000 ft-t\u00f3l<\/td>\n<\/tr>\n<tr>\n<td style=\"width: 50.0000%;\">Egy\u00e9b g\u00e1zk\u00e9sz\u00fcl\u00e9k be\u00fczemel\u00e9s<\/td>\n<td style=\"width: 50.0000%;\">25000 ft-t\u00f3l<\/td>\n<\/tr>\n<\/tbody>\n<\/table>\t\t\t\t\t\t\t\t<\/div>\n\t\t\t\t<\/div>\n\t\t\t\t<div class=\"elementor-element elementor-element-8387b93 elementor-widget elementor-widget-text-editor\" data-id=\"8387b93\" data-element_type=\"widget\" data-e-type=\"widget\" data-widget_type=\"text-editor.default\">\n\t\t\t\t<div class=\"elementor-widget-container\">\n\t\t\t\t\t\t\t\t\t<p><strong>\u00c1raink az anyagk\u00f6lts\u00e9get \u00e9s a kisz\u00e1ll\u00e1s d\u00edj\u00e1t nem tartalmazz\u00e1k, valamint brutt\u00f3 \u00e1rak, \u00e9s nincs \u00e1fa tartalmuk (v\u00e1llalkoz\u00e1sunk alanyi ad\u00f3mentes).<\/strong><\/p>\t\t\t\t\t\t\t\t<\/div>\n\t\t\t\t<\/div>\n\t\t\t\t\t<\/div>\n\t\t\t\t<\/div>\n\t\t\t\t<\/div>\n\t\t","protected":false},"excerpt":{"rendered":"<p>Munkad\u00edjakat m\u00f3dos\u00edt\u00f3 t\u00e9nyez\u0151k Kisz\u00e1ll\u00e1si d\u00edj Szeged K\u00f6rt\u00f6lt\u00e9sen bel\u00fcl 0 ft\u00a0 Kisz\u00e1ll\u00e1si d\u00edj Szeged K\u00f6rt\u00f6lt\u00e9sen k\u00edv\u00fcl \u00a03000 ft Kisz\u00e1ll\u00e1si d\u00edj Szegeden k\u00edv\u00fcl \u00e9s \u00dajszeged \u00a04000 ft-t\u00f3l K\u00fcls\u0151 t\u00e1gul\u00e1si tart\u00e1lyok ellen\u0151rz\u00e9se \u00a01000 ft-t\u00f3l\/db Nehezen megk\u00f6zel\u00edthet\u0151 c\u00edm, f\u00f6ld\u00fat \u00a01000ft-t\u00f3l Emelet, magasf\u00f6ldszint \u00e9s bels\u0151 szintek is 500 ft\/emelet A weboldalon szerepl\u0151 \u00e1rak t\u00e1j\u00e9koztat\u00f3 jelleg\u0171ek \u00e9s nem min\u0151s\u00fclnek aj\u00e1nlatt\u00e9telnek!\u00c1raink az [&hellip;]<\/p>\n","protected":false},"author":1,"featured_media":0,"parent":0,"menu_order":0,"comment_status":"closed","ping_status":"closed","template":"elementor_header_footer","meta":{"footnotes":""},"class_list":["post-68","page","type-page","status-publish","hentry"],"_links":{"self":[{"href":"https:\/\/szegedhoszerviz.hu\/index.php?rest_route=\/wp\/v2\/pages\/68","targetHints":{"allow":["GET"]}}],"collection":[{"href":"https:\/\/szegedhoszerviz.hu\/index.php?rest_route=\/wp\/v2\/pages"}],"about":[{"href":"https:\/\/szegedhoszerviz.hu\/index.php?rest_route=\/wp\/v2\/types\/page"}],"author":[{"embeddable":true,"href":"https:\/\/szegedhoszerviz.hu\/index.php?rest_route=\/wp\/v2\/users\/1"}],"replies":[{"embeddable":true,"href":"https:\/\/szegedhoszerviz.hu\/index.php?rest_route=%2Fwp%2Fv2%2Fcomments&post=68"}],"version-history":[{"count":31,"href":"https:\/\/szegedhoszerviz.hu\/index.php?rest_route=\/wp\/v2\/pages\/68\/revisions"}],"predecessor-version":[{"id":629,"href":"https:\/\/szegedhoszerviz.hu\/index.php?rest_route=\/wp\/v2\/pages\/68\/revisions\/629"}],"wp:attachment":[{"href":"https:\/\/szegedhoszerviz.hu\/index.php?rest_route=%2Fwp%2Fv2%2Fmedia&parent=68"}],"curies":[{"name":"wp","href":"https:\/\/api.w.org\/{rel}","templated":true}]}}